{"id":1172,"date":"2024-01-21T15:38:16","date_gmt":"2024-01-21T14:38:16","guid":{"rendered":"https:\/\/welcomepsb.com\/terms-of-use\/"},"modified":"2024-04-19T08:56:18","modified_gmt":"2024-04-19T06:56:18","slug":"terms-of-use","status":"publish","type":"page","link":"https:\/\/welcomepsb.com\/en\/terms-of-use\/","title":{"rendered":"Terms of use"},"content":{"rendered":"<p>[et_pb_section fb_built=&#8221;1&#8243; custom_padding_last_edited=&#8221;on|tablet&#8221; _builder_version=&#8221;4.23.3&#8243; _module_preset=&#8221;default&#8221; background_image=&#8221;http:\/\/welcomepsb.com\/wp-content\/uploads\/2023\/12\/header-psb-blue_0.jpg&#8221; custom_padding=&#8221;10vw||10vw||true|false&#8221; custom_padding_tablet=&#8221;15vw||15vw||true|false&#8221; custom_padding_phone=&#8221;15vw||15vw||true|false&#8221; global_colors_info=&#8221;{}&#8221;][et_pb_row use_custom_gutter=&#8221;on&#8221; gutter_width=&#8221;2&#8243; make_equal=&#8221;on&#8221; _builder_version=&#8221;4.23.3&#8243; _module_preset=&#8221;default&#8221; width=&#8221;100%&#8221; max_width=&#8221;1200px&#8221; module_alignment=&#8221;center&#8221; global_colors_info=&#8221;{}&#8221;][et_pb_column type=&#8221;4_4&#8243; _builder_version=&#8221;4.23.3&#8243; _module_preset=&#8221;default&#8221; global_colors_info=&#8221;{}&#8221;][et_pb_text _builder_version=&#8221;4.23.3&#8243; _module_preset=&#8221;default&#8221; header_font=&#8221;SuisseIntl||||||||&#8221; header_text_align=&#8221;center&#8221; header_text_color=&#8221;#FFFFFF&#8221; header_font_size=&#8221;45px&#8221; header_font_size_tablet=&#8221;38px&#8221; header_font_size_phone=&#8221;30px&#8221; header_font_size_last_edited=&#8221;on|tablet&#8221; global_colors_info=&#8221;{}&#8221;]<\/p>\n<h1>Terms of use<\/h1>\n<p>[\/et_pb_text][\/et_pb_column][\/et_pb_row][\/et_pb_section][et_pb_section fb_built=&#8221;1&#8243; _builder_version=&#8221;4.23.3&#8243; _module_preset=&#8221;default&#8221; custom_padding=&#8221;11vh||11vh||true|false&#8221; global_colors_info=&#8221;{}&#8221;][et_pb_row make_equal=&#8221;on&#8221; _builder_version=&#8221;4.23.3&#8243; _module_preset=&#8221;default&#8221; width_tablet=&#8221;90%&#8221; width_phone=&#8221;95%&#8221; width_last_edited=&#8221;on|phone&#8221; global_colors_info=&#8221;{}&#8221;][et_pb_column type=&#8221;4_4&#8243; _builder_version=&#8221;4.23.3&#8243; _module_preset=&#8221;default&#8221; global_colors_info=&#8221;{}&#8221;][et_pb_text _builder_version=&#8221;4.23.3&#8243; _module_preset=&#8221;default&#8221; text_font=&#8221;SuisseIntl Regular||||||||&#8221; text_text_color=&#8221;#000000&#8243; link_text_color=&#8221;#AF1062&#8243; header_2_font=&#8221;SuisseIntl|600|||||||&#8221; header_2_text_color=&#8221;#233568&#8243; header_2_font_size=&#8221;35px&#8221; header_2_font_size_tablet=&#8221;30px&#8221; header_2_font_size_phone=&#8221;25px&#8221; header_2_font_size_last_edited=&#8221;on|phone&#8221; global_colors_info=&#8221;{}&#8221;]<\/p>\n<h2>Publisher<\/h2>\n<p>In accordance with the provisions of article 6 of law no. 2004-575 of June 21, 2004 on confidence in the digital economy, the publisher of the https:\/\/welcomepsb.com website is :<\/p>\n<p>GALILEO GLOBAL EDUCATION FRANCE, a soci\u00e9t\u00e9 par actions simplifi\u00e9e (simplified joint-stock company) with a single shareholder and capital of \u20ac102,691,775.00, registered in the PARIS Trade and Companies Register under number 752 994 566, with registered offices at 41 rue Saint S\u00e9bastien 75011 PARIS.<\/p>\n<p>Telephone number: 01 55 28 01 20<\/p>\n<p>E-mail address: <a href=\"mailto:contact@ggeedu.fr\">contact@ggeedu.fr<\/a><\/p>\n<p>Intracommunity VAT number: FR83752994566<\/p>\n<p><strong>Publishing Director<\/strong><\/p>\n<p>The publication director of the https:\/\/welcomepsb.com website is Vanessa Diriart in her capacity as President.<\/p>\n<p><strong>Host<\/strong><\/p>\n<p>The provider of direct and permanent storage is Hostinger, UAB Jonavos g. 60C, 44192 &#8211; Lithuania &#8211; Tel : +37064503378 &#8211; <a href=\"https:\/\/www.hostinger.fr\">https:\/\/www.hostinger.fr<\/a> <\/p>\n<h2>1. Protection of personal data<\/h2>\n<p>Galileo Global Education France is responsible for processing personal data concerning users of the PSB website. Users&#8217; personal data is collected in order to manage their requests. For further information, users are invited to consult our data protection policy at <a href=\"https:\/\/welcomepsb.com\/donnees-personnelles\">https:\/\/welcomepsb.com\/donnees-personnelles<\/a>. <\/p>\n<h2>2. Cookies<\/h2>\n<p>Users are informed that, during their visit to this site, cookies may be automatically installed on their browser. You can activate\/deactivate your cookies at any time.<\/p>\n<h3>2.1 What is a cookie?<\/h3>\n<p>A cookie is a text file stored on your computer when you visit a website. It contains user data to facilitate your browsing and enable certain functions, such as storing the contents of a shopping cart, recording a site&#8217;s language settings or targeted advertising.<\/p>\n<h3>2.2 What is the purpose of our cookies?<\/h3>\n<p>Cookies deposited on your computer, tablet or cell phone enable us to recognize your browser when you connect to our site. We use cookies to improve our services to you:<\/p>\n<ul>\n<li>to compile visitor statistics (number of visits, pages viewed, etc.) in order to monitor and improve the quality of our services.<\/li>\n<li><span style=\"font-size: 14px;\">adapt the presentation of our site to your terminal&#8217;s display preferences.<\/span><\/li>\n<li><span style=\"font-size: 14px;\">to provide you with content related to your interests and to personalize the offers we send you.<\/span><\/li>\n<\/ul>\n<h3>2.3 What happens if I do not allow cookies?<\/h3>\n<p>If cookies are not enabled on your computer, tablet or mobile device, your experience on our website may be limited (for example, you may not be able to navigate freely throughout the site).<\/p>\n<p>How do I disable\/enable cookies? You can choose to disable cookies in your browser at any time by following the instructions provided in your browser&#8217;s help files.<\/p>\n<p>You can also configure your cookies directly in your browser settings.<\/p>\n<ul>\n<li>Google Chrome: https: <a href=\"https:\/\/support.google.com\/chrome\/answer\/95647?hl=fr\">\/\/support.google.com\/chrome\/answer\/95647?hl=fr<\/a><\/li>\n<li><span style=\"font-size: 14px;\">Internet Explorer : <\/span><a href=\"https:\/\/support.microsoft.com\/fr-fr\/help\/4027947\/windows-delete-cookies\" style=\"font-size: 14px;\">https:\/\/support.microsoft.com\/fr-fr\/help\/4027947\/windows-delete-cookies<\/a><span style=\"font-size: 14px;\"> <\/span><\/li>\n<li><span style=\"font-size: 14px;\">Mozilla Firefox : <\/span><a href=\"https:\/\/support.mozilla.org\/fr\/kb\/activer-desactiver-cookies\" style=\"font-size: 14px;\">https:\/\/support.mozilla.org\/fr\/kb\/activer-desactiver-cookies<\/a><span style=\"font-size: 14px;\"> <\/span><\/li>\n<li><span style=\"font-size: 14px;\">Safari : <\/span><a href=\"https:\/\/support.apple.com\/fr-fr\/guide\/safari\/sfri11471\/mac\" style=\"font-size: 14px;\">https:\/\/support.apple.com\/fr-fr\/guide\/safari\/sfri11471\/mac<\/a><span style=\"font-size: 14px;\"> <\/span><\/li>\n<\/ul>\n<h2>3. Partner sites<\/h2>\n<p>Galileo Global Education works with prestigious companies by sponsoring academic programs or as Executive Education partners. Galileo Global Education has also signed academic and exchange agreements with leading universities around the world. As part of their services, these companies operate websites and may display Galileo Global Education&#8217;s name, logos and other information. If you have any questions about a partner, please consult the &#8220;Contact us&#8221; section.<\/p>\n<h2>4. Links to other sites<\/h2>\n<p>This website contains links to other sites that are not owned or directly controlled by Galileo Global Education. Please note that Galileo Global Education is not responsible for the privacy practices of such other sites. We encourage you to be aware when you leave our site and to read the privacy policies of each and every Web site to which you provide personal information.<\/p>\n<p>[\/et_pb_text][\/et_pb_column][\/et_pb_row][\/et_pb_section]<\/p>\n","protected":false},"excerpt":{"rendered":"<p>Terms of usePublisher In accordance with the provisions of article 6 of law no. 2004-575 of June 21, 2004 on confidence in the digital economy, the publisher of the https:\/\/welcomepsb.com website is : GALILEO GLOBAL EDUCATION FRANCE, a soci\u00e9t\u00e9 par actions simplifi\u00e9e (simplified joint-stock company) with a single shareholder and capital of \u20ac102,691,775.00, registered in [&hellip;]<\/p>\n","protected":false},"author":1,"featured_media":0,"parent":0,"menu_order":0,"comment_status":"closed","ping_status":"closed","template":"","meta":{"_acf_changed":false,"_et_pb_use_builder":"on","_et_pb_old_content":"","_et_gb_content_width":"","footnotes":""},"class_list":["post-1172","page","type-page","status-publish","hentry"],"acf":[],"_links":{"self":[{"href":"https:\/\/welcomepsb.com\/en\/wp-json\/wp\/v2\/pages\/1172","targetHints":{"allow":["GET"]}}],"collection":[{"href":"https:\/\/welcomepsb.com\/en\/wp-json\/wp\/v2\/pages"}],"about":[{"href":"https:\/\/welcomepsb.com\/en\/wp-json\/wp\/v2\/types\/page"}],"author":[{"embeddable":true,"href":"https:\/\/welcomepsb.com\/en\/wp-json\/wp\/v2\/users\/1"}],"replies":[{"embeddable":true,"href":"https:\/\/welcomepsb.com\/en\/wp-json\/wp\/v2\/comments?post=1172"}],"version-history":[{"count":2,"href":"https:\/\/welcomepsb.com\/en\/wp-json\/wp\/v2\/pages\/1172\/revisions"}],"predecessor-version":[{"id":1176,"href":"https:\/\/welcomepsb.com\/en\/wp-json\/wp\/v2\/pages\/1172\/revisions\/1176"}],"wp:attachment":[{"href":"https:\/\/welcomepsb.com\/en\/wp-json\/wp\/v2\/media?parent=1172"}],"curies":[{"name":"wp","href":"https:\/\/api.w.org\/{rel}","templated":true}]}}